{"id":574,"date":"2024-12-20T07:50:03","date_gmt":"2024-12-20T07:50:03","guid":{"rendered":"https:\/\/kjarnalundur.is\/?page_id=574"},"modified":"2025-05-08T06:03:05","modified_gmt":"2025-05-08T06:03:05","slug":"um-hotelid","status":"publish","type":"page","link":"https:\/\/kjarnalundur.is\/is\/um-hotelid\/","title":{"rendered":"Um h\u00f3teli\u00f0"},"content":{"rendered":"<div data-elementor-type=\"wp-page\" data-elementor-id=\"574\" class=\"elementor elementor-574\" data-elementor-post-type=\"page\">\n\t\t\t\t<div class=\"elementor-element elementor-element-64b8d761 e-flex e-con-boxed e-con e-parent\" data-id=\"64b8d761\" data-element_type=\"container\" data-e-type=\"container\" data-settings=\"{&quot;background_background&quot;:&quot;classic&quot;}\">\n\t\t\t\t\t<div class=\"e-con-inner\">\n\t\t<div class=\"elementor-element elementor-element-66c9bd08 e-con-full e-flex e-con e-child\" data-id=\"66c9bd08\" data-element_type=\"container\" data-e-type=\"container\">\n\t\t\t\t<div class=\"elementor-element elementor-element-3c77857 elementor-widget elementor-widget-heading\" data-id=\"3c77857\" data-element_type=\"widget\" data-e-type=\"widget\" data-widget_type=\"heading.default\">\n\t\t\t\t\t<h2 class=\"elementor-heading-title elementor-size-default\">Um h\u00f3teli\u00f0<\/h2>\t\t\t\t<\/div>\n\t\t\t\t<div class=\"elementor-element elementor-element-3c3944b9 animated-slow elementor-invisible elementor-widget elementor-widget-text-editor\" data-id=\"3c3944b9\" data-element_type=\"widget\" data-e-type=\"widget\" data-settings=\"{&quot;_animation&quot;:&quot;fadeInDown&quot;}\" data-widget_type=\"text-editor.default\">\n\t\t\t\t\t\t\t\t\t<p>Gestir geta noti\u00f0 heita pottar og innrau\u00f0s saunur \u00e1n endurgjalds. \u00dea\u00f0 er h\u00e6gt a\u00f0 b\u00f3ka nudd \u00ed m\u00f3tt\u00f6kunni e\u00f0a \u00e1 info@kjarnalundur.is<\/p>\t\t\t\t\t\t\t\t<\/div>\n\t\t\t\t<div class=\"elementor-element elementor-element-46f4051a elementor-align-left elementor-hidden-phone animated-slow elementor-invisible elementor-widget elementor-widget-button\" data-id=\"46f4051a\" data-element_type=\"widget\" data-e-type=\"widget\" data-settings=\"{&quot;_animation&quot;:&quot;fadeInDown&quot;}\" data-widget_type=\"button.default\">\n\t\t\t\t\t\t\t\t\t\t<a class=\"elementor-button elementor-button-link elementor-size-sm\" href=\"mailto:info@kjarnalundur.is\">\n\t\t\t\t\t\t<span class=\"elementor-button-content-wrapper\">\n\t\t\t\t\t\t\t\t\t<span class=\"elementor-button-text\">B\u00f3ka n\u00fana<\/span>\n\t\t\t\t\t<\/span>\n\t\t\t\t\t<\/a>\n\t\t\t\t\t\t\t\t<\/div>\n\t\t\t\t<\/div>\n\t\t\t\t\t<\/div>\n\t\t\t\t<\/div>\n\t\t<div class=\"elementor-element elementor-element-2ca711a5 e-flex e-con-boxed e-con e-parent\" data-id=\"2ca711a5\" data-element_type=\"container\" data-e-type=\"container\">\n\t\t\t\t\t<div class=\"e-con-inner\">\n\t\t\t\t<div class=\"elementor-element elementor-element-1315e114 elementor-widget elementor-widget-text-editor\" data-id=\"1315e114\" data-element_type=\"widget\" data-e-type=\"widget\" data-widget_type=\"text-editor.default\">\n\t\t\t\t\t\t\t\t\t<p><strong>H\u00f3tel Kjarnalundur<\/strong>\u00a0er 66 herbergja h\u00f3tel, a\u00f0eins 3,5 km fr\u00e1 Akureyri. H\u00f3teli\u00f0 b\u00fd\u00f0ur upp \u00e1 notalegt og afslappandi umhverfi me\u00f0 einst\u00f6ku umhverfi hva\u00f0 var\u00f0ar \u00fativist, heilsu og vell\u00ed\u00f0an. Umhverfi\u00f0 gerir gestum okkar kleift a\u00f0 endurn\u00fdja sig me\u00f0 \u00edslenskri n\u00e1tt\u00faru \u00fear sem h\u00f3teli\u00f0 er sta\u00f0sett vi\u00f0 ja\u00f0ar Kjarnask\u00f3gar, sem er eitt af vins\u00e6lustu \u00fativistarsv\u00e6\u00f0um \u00ed Akureyri.<\/p><p>Herbergin eru \u00e1 st\u00e6r\u00f0 fr\u00e1 12m\u00b2 til 50m\u00b2, sem gefur gestum okkar hagkv\u00e6mar valkostir. Sv\u00edta samanstendur af setustofu, svefnherbergi og ba\u00f0herbergi.<\/p><p>Veitingasta\u00f0urinn er \u00e1 2. h\u00e6\u00f0 \u00fear sem gestir geta noti\u00f0 morgunver\u00f0arhla\u00f0bor\u00f0s.<\/p><p>Gestir okkar hafa fr\u00edan a\u00f0gang a\u00f0 heita pottinum og innrau\u00f0u saununni. \u00dea\u00f0 er einnig h\u00e6gt a\u00f0 b\u00f3ka nudd.<\/p><p>Byggingin hefur lyftu og a\u00f0gengi fyrir fatla\u00f0a \u00e1 \u00f6llum fj\u00f3rum h\u00e6\u00f0um. \u00dea\u00f0 eru 5 herbergi s\u00e9rstaklega h\u00f6nnu\u00f0 fyrir a\u00f0gengi me\u00f0 hj\u00f3last\u00f3l.<\/p><p>\u00cd sk\u00f3ginum \u00ed Kjarnask\u00f3gi, beint yfir h\u00f3telinu, eru g\u00f6ngulei\u00f0ir, blakv\u00f6llur og leikjat\u00e6ki fyrir b\u00f6rn. \u00dea\u00f0 er einnig s\u00e9rstaklega hanna\u00f0ur fjallahj\u00f3labraut. G\u00f6ngulei\u00f0ir fyrir sk\u00ed\u00f0amenn eru pl\u00e6g\u00f0ar \u00e1 veturna.<\/p>\t\t\t\t\t\t\t\t<\/div>\n\t\t\t\t\t<\/div>\n\t\t\t\t<\/div>\n\t\t\t\t<\/div>","protected":false},"excerpt":{"rendered":"<p>Um h\u00f3teli\u00f0 Gestir geta noti\u00f0 heita pottar og innrau\u00f0a gufuba\u00f0 \u00f3keypis. \u00dea\u00f0 er h\u00e6gt a\u00f0 b\u00f3ka nudd \u00ed m\u00f3tt\u00f6kunni e\u00f0a \u00e1 info@kjarnalundur.is B\u00f3ka\u00f0u n\u00fana H\u00f3tel Kjarnalundur er 66 herbergja h\u00f3tel, a\u00f0eins 3,5 km fr\u00e1 Akureyri. H\u00f3teli\u00f0 b\u00fd\u00f0ur upp \u00e1 notalegt og afslappandi umhverfi me\u00f0 einst\u00f6ku umhverfi hva\u00f0 var\u00f0ar \u00fativist [\u2026]<\/p>","protected":false},"author":1,"featured_media":0,"parent":0,"menu_order":0,"comment_status":"closed","ping_status":"closed","template":"","meta":{"_acf_changed":false,"iawp_total_views":34,"footnotes":""},"class_list":["post-574","page","type-page","status-publish","hentry"],"acf":[],"_links":{"self":[{"href":"https:\/\/kjarnalundur.is\/is\/wp-json\/wp\/v2\/pages\/574","targetHints":{"allow":["GET"]}}],"collection":[{"href":"https:\/\/kjarnalundur.is\/is\/wp-json\/wp\/v2\/pages"}],"about":[{"href":"https:\/\/kjarnalundur.is\/is\/wp-json\/wp\/v2\/types\/page"}],"author":[{"embeddable":true,"href":"https:\/\/kjarnalundur.is\/is\/wp-json\/wp\/v2\/users\/1"}],"replies":[{"embeddable":true,"href":"https:\/\/kjarnalundur.is\/is\/wp-json\/wp\/v2\/comments?post=574"}],"version-history":[{"count":10,"href":"https:\/\/kjarnalundur.is\/is\/wp-json\/wp\/v2\/pages\/574\/revisions"}],"predecessor-version":[{"id":1297,"href":"https:\/\/kjarnalundur.is\/is\/wp-json\/wp\/v2\/pages\/574\/revisions\/1297"}],"wp:attachment":[{"href":"https:\/\/kjarnalundur.is\/is\/wp-json\/wp\/v2\/media?parent=574"}],"curies":[{"name":"wp","href":"https:\/\/api.w.org\/{rel}","templated":true}]}}