{"id":583,"date":"2024-12-20T07:54:07","date_gmt":"2024-12-20T07:54:07","guid":{"rendered":"https:\/\/kjarnalundur.is\/?page_id=583"},"modified":"2025-03-17T12:27:07","modified_gmt":"2025-03-17T12:27:07","slug":"veitingastadur","status":"publish","type":"page","link":"https:\/\/kjarnalundur.is\/is\/veitingastadur\/","title":{"rendered":"Veitingasta\u00f0ur"},"content":{"rendered":"<style>.elementor-583 .elementor-element.elementor-element-52abc146{--display:flex;--flex-direction:row;--container-widget-width:calc( ( 1 - var( --container-widget-flex-grow ) ) * 100% );--container-widget-height:100%;--container-widget-flex-grow:1;--container-widget-align-self:stretch;--flex-wrap-mobile:wrap;--justify-content:center;--align-items:stretch;--gap:10px 10px;--row-gap:10px;--column-gap:10px;--overlay-opacity:0.45;--padding-top:120px;--padding-bottom:120px;--padding-left:0px;--padding-right:0px;}.elementor-583 .elementor-element.elementor-element-52abc146:not(.elementor-motion-effects-element-type-background), .elementor-583 .elementor-element.elementor-element-52abc146 > .elementor-motion-effects-container > .elementor-motion-effects-layer{background-image:url(\"https:\/\/kjarnalundur.is\/wp-content\/uploads\/2024\/12\/Bustadur-3-stofa.jpeg\");background-position:center center;background-repeat:no-repeat;background-size:cover;}.elementor-583 .elementor-element.elementor-element-52abc146::before, .elementor-583 .elementor-element.elementor-element-52abc146 > .elementor-background-video-container::before, .elementor-583 .elementor-element.elementor-element-52abc146 > .e-con-inner > .elementor-background-video-container::before, .elementor-583 .elementor-element.elementor-element-52abc146 > .elementor-background-slideshow::before, .elementor-583 .elementor-element.elementor-element-52abc146 > .e-con-inner > .elementor-background-slideshow::before, .elementor-583 .elementor-element.elementor-element-52abc146 > .elementor-motion-effects-container > .elementor-motion-effects-layer::before{--background-overlay:'';background-color:#000000;}.elementor-583 .elementor-element.elementor-element-37e03add{--display:flex;--justify-content:center;--align-items:center;--container-widget-width:calc( ( 1 - var( --container-widget-flex-grow ) ) * 100% );}.elementor-583 .elementor-element.elementor-element-2d6103a6 .jeg-elementor-kit.jkit-animated-text{text-align:center;}.elementor-583 .elementor-element.elementor-element-2d6103a6 .jeg-elementor-kit.jkit-animated-text .animated-text .normal-text{font-family:var( --e-global-typography-primary-font-family ), Sans-serif;font-size:var( --e-global-typography-primary-font-size );font-weight:var( --e-global-typography-primary-font-weight );line-height:var( --e-global-typography-primary-line-height );}.elementor-583 .elementor-element.elementor-element-2d6103a6 .jeg-elementor-kit.jkit-animated-text .animated-text .normal-text.style-color{color:#FFFFFF;}.elementor-583 .elementor-element.elementor-element-2d6103a6 .jeg-elementor-kit.jkit-animated-text .animated-text .dynamic-text{font-family:var( --e-global-typography-e262a29-font-family ), Sans-serif;font-size:var( --e-global-typography-e262a29-font-size );font-weight:var( --e-global-typography-e262a29-font-weight );font-style:var( --e-global-typography-e262a29-font-style );line-height:var( --e-global-typography-e262a29-line-height );letter-spacing:var( --e-global-typography-e262a29-letter-spacing );word-spacing:var( --e-global-typography-e262a29-word-spacing );z-index:auto;}.elementor-583 .elementor-element.elementor-element-2d6103a6 .jeg-elementor-kit.jkit-animated-text .animated-text .dynamic-wrapper.style-color .dynamic-text{color:#FFFFFF;}.elementor-583 .elementor-element.elementor-element-2d6103a6 .jeg-elementor-kit.jkit-animated-text .animated-text svg path.style-color{stroke:var( --e-global-color-accent );}.elementor-583 .elementor-element.elementor-element-2d6103a6 .jeg-elementor-kit.jkit-animated-text .animated-text svg path{stroke-width:9px;-moz-animation-duration:10s;-webkit-animation-duration:10s;-o-animation-duration:10s;-ms-animation-duration:10s;animation-duration:10s;stroke-linecap:round;stroke-linejoin:round;}.elementor-583 .elementor-element.elementor-element-2d6103a6 .jeg-elementor-kit.jkit-animated-text .animated-text svg{z-index:2;}.elementor-583 .elementor-element.elementor-element-2d6103a6{margin:0px 20px calc(var(--kit-widget-spacing, 0px) + 10px) 0px;}.elementor-583 .elementor-element.elementor-element-351b37d9{--display:flex;--padding-top:60px;--padding-bottom:60px;--padding-left:0px;--padding-right:0px;}:root{--page-title-display:none;}@media(max-width:1024px){.elementor-583 .elementor-element.elementor-element-52abc146{--padding-top:140px;--padding-bottom:200px;--padding-left:10px;--padding-right:10px;}.elementor-583 .elementor-element.elementor-element-2d6103a6 .jeg-elementor-kit.jkit-animated-text .animated-text .normal-text{font-size:var( --e-global-typography-primary-font-size );line-height:var( --e-global-typography-primary-line-height );}.elementor-583 .elementor-element.elementor-element-2d6103a6 .jeg-elementor-kit.jkit-animated-text .animated-text .dynamic-text{font-size:var( --e-global-typography-e262a29-font-size );line-height:var( --e-global-typography-e262a29-line-height );letter-spacing:var( --e-global-typography-e262a29-letter-spacing );word-spacing:var( --e-global-typography-e262a29-word-spacing );}.elementor-583 .elementor-element.elementor-element-2d6103a6{margin:0px 0px calc(var(--kit-widget-spacing, 0px) + 10px) 0px;}}@media(max-width:767px){.elementor-583 .elementor-element.elementor-element-52abc146{--padding-top:50px;--padding-bottom:50px;--padding-left:10px;--padding-right:10px;}.elementor-583 .elementor-element.elementor-element-2d6103a6 .jeg-elementor-kit.jkit-animated-text .animated-text .normal-text{font-size:var( --e-global-typography-primary-font-size );line-height:var( --e-global-typography-primary-line-height );}.elementor-583 .elementor-element.elementor-element-2d6103a6 .jeg-elementor-kit.jkit-animated-text .animated-text .dynamic-text{font-size:var( --e-global-typography-e262a29-font-size );line-height:var( --e-global-typography-e262a29-line-height );letter-spacing:var( --e-global-typography-e262a29-letter-spacing );word-spacing:var( --e-global-typography-e262a29-word-spacing );}.elementor-583 .elementor-element.elementor-element-2d6103a6{margin:0px 0px calc(var(--kit-widget-spacing, 0px) + 0px) 0px;}.elementor-583 .elementor-element.elementor-element-351b37d9{--padding-top:30px;--padding-bottom:30px;--padding-left:10px;--padding-right:10px;}}@media(min-width:768px){.elementor-583 .elementor-element.elementor-element-52abc146{--content-width:1170px;}.elementor-583 .elementor-element.elementor-element-37e03add{--width:80%;}}@media(max-width:1024px) and (min-width:768px){.elementor-583 .elementor-element.elementor-element-37e03add{--width:70%;}}<\/style>\t\t<div data-elementor-type=\"wp-page\" data-elementor-id=\"583\" class=\"elementor elementor-583\" data-elementor-post-type=\"page\">\n\t\t\t\t<div class=\"elementor-element elementor-element-52abc146 e-flex e-con-boxed e-con e-parent\" data-id=\"52abc146\" data-element_type=\"container\" data-e-type=\"container\" data-settings=\"{&quot;background_background&quot;:&quot;classic&quot;}\">\n\t\t\t\t\t<div class=\"e-con-inner\">\n\t\t<div class=\"elementor-element elementor-element-37e03add e-con-full e-flex e-con e-child\" data-id=\"37e03add\" data-element_type=\"container\" data-e-type=\"container\">\n\t\t\t\t<div class=\"elementor-element elementor-element-2d6103a6 animated-slow elementor-invisible elementor-widget elementor-widget-jkit_animated_text\" data-id=\"2d6103a6\" data-element_type=\"widget\" data-e-type=\"widget\" data-settings=\"{&quot;_animation&quot;:&quot;fadeInDown&quot;}\" data-widget_type=\"jkit_animated_text.default\">\n\t\t\t\t\t<div  class=\"jeg-elementor-kit jkit-animated-text jeg_module___69f2b658875de\"  data-style=\"highlighted\" data-text=\"\" data-shape=\"underline\"><h1 class=\"animated-text\"><span class=\"normal-text style-color\">Veitingasta\u00f0ur<\/span><span class=\"dynamic-wrapper style-color\"><span class=\"dynamic-text\"><\/span><svg xmlns=\"http:\/\/www.w3.org\/2000\/svg\" viewbox=\"0 0 500 150\" preserveaspectratio=\"none\"><path class=\"style-color\"  d=\"M3,77.5s200.54-11,493,0\" transform=\"translate(-2.75 -68.11)\"\/><\/svg><\/span><span class=\"normal-text style-color\"><\/span><\/h1><\/div>\t\t\t\t<\/div>\n\t\t\t\t<\/div>\n\t\t\t\t\t<\/div>\n\t\t\t\t<\/div>\n\t\t<div class=\"elementor-element elementor-element-351b37d9 e-flex e-con-boxed e-con e-parent\" data-id=\"351b37d9\" data-element_type=\"container\" data-e-type=\"container\">\n\t\t\t\t\t<div class=\"e-con-inner\">\n\t\t\t\t<div class=\"elementor-element elementor-element-671de146 elementor-widget elementor-widget-text-editor\" data-id=\"671de146\" data-element_type=\"widget\" data-e-type=\"widget\" data-widget_type=\"text-editor.default\">\n\t\t\t\t\t\t\t\t\t<p>Veitingasta\u00f0urinn tekur 90 manns \u00ed s\u00e6ti og er sta\u00f0settur \u00e1 2. h\u00e6\u00f0 me\u00f0 fr\u00e1b\u00e6ru \u00fats\u00fdni yfir Eyjafj\u00f6r\u00f0.<\/p><p><span style=\"color: var( --e-global-color-text ); font-family: var( --e-global-typography-text-font-family ), Sans-serif; font-size: var( --e-global-typography-text-font-size ); font-weight: var( --e-global-typography-text-font-weight ); text-align: var(--text-align);\">Yfir sumart\u00edmann er veitingasta\u00f0urinn opinn daglega \u00e1 kv\u00f6ldin og b\u00fd\u00f0ur upp \u00e1 fastan matse\u00f0il \/ h\u00f3pamatse\u00f0il. B\u00f3ka \u00fearf h\u00f3pa fyrirfram. Yfir vetrart\u00edmann er veitingasta\u00f0urinn opinn fyrir fyrirfram b\u00f3ka\u00f0a h\u00f3pa, me\u00f0 a\u00f0 l\u00e1gmarki 10 gesti. Fyrir b\u00f3kanir og frekari uppl\u00fdsingar hafi\u00f0 samband vi\u00f0 info@kjarnalundur.is<\/span><br><\/p><p><span style=\"color: var( --e-global-color-text ); font-family: var( --e-global-typography-text-font-family ), Sans-serif; font-size: var( --e-global-typography-text-font-size ); font-weight: var( --e-global-typography-text-font-weight ); text-align: var(--text-align);\">Morgunver\u00f0arhla\u00f0bor\u00f0 er \u00ed bo\u00f0i alla daga fr\u00e1 klukkan 07:00 til 10:00.<\/span><\/p>\t\t\t\t\t\t\t\t<\/div>\n\t\t\t\t\t<\/div>\n\t\t\t\t<\/div>\n\t\t\t\t<\/div>","protected":false},"excerpt":{"rendered":"<p>Veitingasta\u00f0urinn er me\u00f0 s\u00e6tafj\u00f6lda fyrir 90 gesti og er sta\u00f0settur \u00e1 2. h\u00e6\u00f0 me\u00f0 fr\u00e1b\u00e6ru \u00fats\u00fdni yfir Eyjafj\u00f6r\u00f0.<\/p>","protected":false},"author":1,"featured_media":0,"parent":0,"menu_order":0,"comment_status":"closed","ping_status":"closed","template":"","meta":{"_acf_changed":false,"iawp_total_views":255,"footnotes":""},"class_list":["post-583","page","type-page","status-publish","hentry"],"acf":[],"_links":{"self":[{"href":"https:\/\/kjarnalundur.is\/is\/wp-json\/wp\/v2\/pages\/583","targetHints":{"allow":["GET"]}}],"collection":[{"href":"https:\/\/kjarnalundur.is\/is\/wp-json\/wp\/v2\/pages"}],"about":[{"href":"https:\/\/kjarnalundur.is\/is\/wp-json\/wp\/v2\/types\/page"}],"author":[{"embeddable":true,"href":"https:\/\/kjarnalundur.is\/is\/wp-json\/wp\/v2\/users\/1"}],"replies":[{"embeddable":true,"href":"https:\/\/kjarnalundur.is\/is\/wp-json\/wp\/v2\/comments?post=583"}],"version-history":[{"count":10,"href":"https:\/\/kjarnalundur.is\/is\/wp-json\/wp\/v2\/pages\/583\/revisions"}],"predecessor-version":[{"id":808,"href":"https:\/\/kjarnalundur.is\/is\/wp-json\/wp\/v2\/pages\/583\/revisions\/808"}],"wp:attachment":[{"href":"https:\/\/kjarnalundur.is\/is\/wp-json\/wp\/v2\/media?parent=583"}],"curies":[{"name":"wp","href":"https:\/\/api.w.org\/{rel}","templated":true}]}}