{"id":588,"date":"2024-12-20T08:02:27","date_gmt":"2024-12-20T08:02:27","guid":{"rendered":"https:\/\/kjarnalundur.is\/?page_id=588"},"modified":"2025-05-08T05:39:55","modified_gmt":"2025-05-08T05:39:55","slug":"umhverfi","status":"publish","type":"page","link":"https:\/\/kjarnalundur.is\/is\/umhverfi\/","title":{"rendered":"Umhverfi"},"content":{"rendered":"<style>.elementor-588 .elementor-element.elementor-element-663cd7e{--display:flex;--flex-direction:row;--container-widget-width:calc( ( 1 - var( --container-widget-flex-grow ) ) * 100% );--container-widget-height:100%;--container-widget-flex-grow:1;--container-widget-align-self:stretch;--flex-wrap-mobile:wrap;--justify-content:center;--align-items:stretch;--gap:10px 10px;--row-gap:10px;--column-gap:10px;--overlay-opacity:0.45;--padding-top:120px;--padding-bottom:120px;--padding-left:0px;--padding-right:0px;}.elementor-588 .elementor-element.elementor-element-663cd7e:not(.elementor-motion-effects-element-type-background), .elementor-588 .elementor-element.elementor-element-663cd7e > .elementor-motion-effects-container > .elementor-motion-effects-layer{background-image:url(\"https:\/\/kjarnalundur.is\/wp-content\/uploads\/2024\/12\/Cottage-outdoor-2.jpg\");background-position:center center;background-repeat:no-repeat;background-size:cover;}.elementor-588 .elementor-element.elementor-element-663cd7e::before, .elementor-588 .elementor-element.elementor-element-663cd7e > .elementor-background-video-container::before, .elementor-588 .elementor-element.elementor-element-663cd7e > .e-con-inner > .elementor-background-video-container::before, .elementor-588 .elementor-element.elementor-element-663cd7e > .elementor-background-slideshow::before, .elementor-588 .elementor-element.elementor-element-663cd7e > .e-con-inner > .elementor-background-slideshow::before, .elementor-588 .elementor-element.elementor-element-663cd7e > .elementor-motion-effects-container > .elementor-motion-effects-layer::before{--background-overlay:'';background-color:#000000;}.elementor-588 .elementor-element.elementor-element-711b6c77{--display:flex;--justify-content:center;--align-items:center;--container-widget-width:calc( ( 1 - var( --container-widget-flex-grow ) ) * 100% );}.elementor-588 .elementor-element.elementor-element-5508326a .jeg-elementor-kit.jkit-animated-text{text-align:center;}.elementor-588 .elementor-element.elementor-element-5508326a .jeg-elementor-kit.jkit-animated-text .animated-text .normal-text{font-family:var( --e-global-typography-primary-font-family ), Sans-serif;font-size:var( --e-global-typography-primary-font-size );font-weight:var( --e-global-typography-primary-font-weight );line-height:var( --e-global-typography-primary-line-height );}.elementor-588 .elementor-element.elementor-element-5508326a .jeg-elementor-kit.jkit-animated-text .animated-text .normal-text.style-color{color:#FFFFFF;}.elementor-588 .elementor-element.elementor-element-5508326a .jeg-elementor-kit.jkit-animated-text .animated-text .dynamic-text{font-family:var( --e-global-typography-e262a29-font-family ), Sans-serif;font-size:var( --e-global-typography-e262a29-font-size );font-weight:var( --e-global-typography-e262a29-font-weight );font-style:var( --e-global-typography-e262a29-font-style );line-height:var( --e-global-typography-e262a29-line-height );letter-spacing:var( --e-global-typography-e262a29-letter-spacing );word-spacing:var( --e-global-typography-e262a29-word-spacing );z-index:auto;}.elementor-588 .elementor-element.elementor-element-5508326a .jeg-elementor-kit.jkit-animated-text .animated-text .dynamic-wrapper.style-color .dynamic-text{color:#FFFFFF;}.elementor-588 .elementor-element.elementor-element-5508326a .jeg-elementor-kit.jkit-animated-text .animated-text svg path.style-color{stroke:var( --e-global-color-accent );}.elementor-588 .elementor-element.elementor-element-5508326a .jeg-elementor-kit.jkit-animated-text .animated-text svg path{stroke-width:9px;-moz-animation-duration:10s;-webkit-animation-duration:10s;-o-animation-duration:10s;-ms-animation-duration:10s;animation-duration:10s;stroke-linecap:round;stroke-linejoin:round;}.elementor-588 .elementor-element.elementor-element-5508326a .jeg-elementor-kit.jkit-animated-text .animated-text svg{z-index:2;}.elementor-588 .elementor-element.elementor-element-5508326a{margin:0px 20px calc(var(--kit-widget-spacing, 0px) + 10px) 0px;}.elementor-588 .elementor-element.elementor-element-6750ca4e{text-align:center;color:var( --e-global-color-secondary );}.elementor-588 .elementor-element.elementor-element-519188e2 .elementor-button{font-family:\"Open Sans\", Sans-serif;font-size:14px;font-weight:600;text-transform:none;text-decoration:none;line-height:1em;fill:#FFF;color:#FFF;background-color:var( --e-global-color-accent );border-style:solid;border-width:1px 1px 1px 1px;border-color:var( --e-global-color-accent );border-radius:0px 0px 0px 0px;padding:18px 32px 18px 32px;}.elementor-588 .elementor-element.elementor-element-519188e2 .elementor-button:hover, .elementor-588 .elementor-element.elementor-element-519188e2 .elementor-button:focus{color:var( --e-global-color-accent );background-color:var( --e-global-color-b40ec4d );}.elementor-588 .elementor-element.elementor-element-519188e2 .elementor-button:hover svg, .elementor-588 .elementor-element.elementor-element-519188e2 .elementor-button:focus svg{fill:var( --e-global-color-accent );}.elementor-588 .elementor-element.elementor-element-519188e2.elementor-element{--flex-grow:1;--flex-shrink:0;}.elementor-588 .elementor-element.elementor-element-30d940b2{--display:flex;--padding-top:60px;--padding-bottom:60px;--padding-left:0px;--padding-right:0px;}.elementor-588 .elementor-element.elementor-element-8ca149d{line-height:1.6em;}.elementor-588 .elementor-element.elementor-element-2f4a2f2{--image-transition-duration:800ms;--overlay-transition-duration:800ms;--content-text-align:center;--content-padding:20px;--content-transition-duration:800ms;--content-transition-delay:800ms;}.elementor-588 .elementor-element.elementor-element-2f4a2f2 .e-gallery-item:hover .elementor-gallery-item__overlay, .elementor-588 .elementor-element.elementor-element-2f4a2f2 .e-gallery-item:focus .elementor-gallery-item__overlay{background-color:rgba(0,0,0,0.5);}:root{--page-title-display:none;}@media(max-width:1024px){.elementor-588 .elementor-element.elementor-element-663cd7e{--padding-top:140px;--padding-bottom:200px;--padding-left:10px;--padding-right:10px;}.elementor-588 .elementor-element.elementor-element-5508326a .jeg-elementor-kit.jkit-animated-text .animated-text .normal-text{font-size:var( --e-global-typography-primary-font-size );line-height:var( --e-global-typography-primary-line-height );}.elementor-588 .elementor-element.elementor-element-5508326a .jeg-elementor-kit.jkit-animated-text .animated-text .dynamic-text{font-size:var( --e-global-typography-e262a29-font-size );line-height:var( --e-global-typography-e262a29-line-height );letter-spacing:var( --e-global-typography-e262a29-letter-spacing );word-spacing:var( --e-global-typography-e262a29-word-spacing );}.elementor-588 .elementor-element.elementor-element-5508326a{margin:0px 0px calc(var(--kit-widget-spacing, 0px) + 10px) 0px;}}@media(max-width:767px){.elementor-588 .elementor-element.elementor-element-663cd7e{--padding-top:50px;--padding-bottom:50px;--padding-left:10px;--padding-right:10px;}.elementor-588 .elementor-element.elementor-element-5508326a .jeg-elementor-kit.jkit-animated-text .animated-text .normal-text{font-size:var( --e-global-typography-primary-font-size );line-height:var( --e-global-typography-primary-line-height );}.elementor-588 .elementor-element.elementor-element-5508326a .jeg-elementor-kit.jkit-animated-text .animated-text .dynamic-text{font-size:var( --e-global-typography-e262a29-font-size );line-height:var( --e-global-typography-e262a29-line-height );letter-spacing:var( --e-global-typography-e262a29-letter-spacing );word-spacing:var( --e-global-typography-e262a29-word-spacing );}.elementor-588 .elementor-element.elementor-element-5508326a{margin:0px 0px calc(var(--kit-widget-spacing, 0px) + 0px) 0px;}.elementor-588 .elementor-element.elementor-element-519188e2 .elementor-button{font-size:12px;padding:9px 16px 9px 16px;}.elementor-588 .elementor-element.elementor-element-30d940b2{--padding-top:30px;--padding-bottom:30px;--padding-left:10px;--padding-right:10px;}}@media(min-width:768px){.elementor-588 .elementor-element.elementor-element-663cd7e{--content-width:1170px;}.elementor-588 .elementor-element.elementor-element-711b6c77{--width:80%;}}@media(max-width:1024px) and (min-width:768px){.elementor-588 .elementor-element.elementor-element-711b6c77{--width:70%;}}<\/style>\t\t<div data-elementor-type=\"wp-page\" data-elementor-id=\"588\" class=\"elementor elementor-588\" data-elementor-post-type=\"page\">\n\t\t\t\t<div class=\"elementor-element elementor-element-663cd7e e-flex e-con-boxed e-con e-parent\" data-id=\"663cd7e\" data-element_type=\"container\" data-e-type=\"container\" data-settings=\"{&quot;background_background&quot;:&quot;classic&quot;}\">\n\t\t\t\t\t<div class=\"e-con-inner\">\n\t\t<div class=\"elementor-element elementor-element-711b6c77 e-con-full e-flex e-con e-child\" data-id=\"711b6c77\" data-element_type=\"container\" data-e-type=\"container\">\n\t\t\t\t<div class=\"elementor-element elementor-element-5508326a animated-slow elementor-invisible elementor-widget elementor-widget-jkit_animated_text\" data-id=\"5508326a\" data-element_type=\"widget\" data-e-type=\"widget\" data-settings=\"{&quot;_animation&quot;:&quot;fadeInDown&quot;}\" data-widget_type=\"jkit_animated_text.default\">\n\t\t\t\t\t<div  class=\"jeg-elementor-kit jkit-animated-text jeg_module___69f2c769663a7\"  data-style=\"highlighted\" data-text=\"\" data-shape=\"underline\"><h1 class=\"animated-text\"><span class=\"normal-text style-color\">Umhverfi<\/span><span class=\"dynamic-wrapper style-color\"><span class=\"dynamic-text\"><\/span><svg xmlns=\"http:\/\/www.w3.org\/2000\/svg\" viewbox=\"0 0 500 150\" preserveaspectratio=\"none\"><path class=\"style-color\"  d=\"M3,77.5s200.54-11,493,0\" transform=\"translate(-2.75 -68.11)\"\/><\/svg><\/span><span class=\"normal-text style-color\"><\/span><\/h1><\/div>\t\t\t\t<\/div>\n\t\t\t\t<div class=\"elementor-element elementor-element-6750ca4e animated-slow elementor-invisible elementor-widget elementor-widget-text-editor\" data-id=\"6750ca4e\" data-element_type=\"widget\" data-e-type=\"widget\" data-settings=\"{&quot;_animation&quot;:&quot;fadeInDown&quot;}\" data-widget_type=\"text-editor.default\">\n\t\t\t\t\t\t\t\t\t<p>Allt fr\u00e1 g\u00f6ngulei\u00f0um og hj\u00f3last\u00edgum til safna, golfvalla og sk\u00ed\u00f0ai\u00f0kunar \u00ed Hl\u00ed\u00f0arfjalli. Akureyrarsv\u00e6\u00f0i\u00f0 b\u00fd\u00f0ur upp fj\u00f6lbreytta af\u00fereyingu \u00fear sem allir \u00e6ttu a\u00f0 finna eitthva\u00f0 vi\u00f0 sitt h\u00e6fi.<\/p>\t\t\t\t\t\t\t\t<\/div>\n\t\t\t\t<div class=\"elementor-element elementor-element-519188e2 elementor-align-left elementor-hidden-phone animated-slow elementor-invisible elementor-widget elementor-widget-button\" data-id=\"519188e2\" data-element_type=\"widget\" data-e-type=\"widget\" data-settings=\"{&quot;_animation&quot;:&quot;fadeInDown&quot;}\" data-widget_type=\"button.default\">\n\t\t\t\t\t\t\t\t\t\t<a class=\"elementor-button elementor-button-link elementor-size-sm\" href=\"mailto:info@kjarnalundur.is\">\n\t\t\t\t\t\t<span class=\"elementor-button-content-wrapper\">\n\t\t\t\t\t\t\t\t\t<span class=\"elementor-button-text\">B\u00f3ka n\u00fana<\/span>\n\t\t\t\t\t<\/span>\n\t\t\t\t\t<\/a>\n\t\t\t\t\t\t\t\t<\/div>\n\t\t\t\t<\/div>\n\t\t\t\t\t<\/div>\n\t\t\t\t<\/div>\n\t\t<div class=\"elementor-element elementor-element-30d940b2 e-flex e-con-boxed e-con e-parent\" data-id=\"30d940b2\" data-element_type=\"container\" data-e-type=\"container\">\n\t\t\t\t\t<div class=\"e-con-inner\">\n\t\t\t\t<div class=\"elementor-element elementor-element-8ca149d elementor-widget elementor-widget-text-editor\" data-id=\"8ca149d\" data-element_type=\"widget\" data-e-type=\"widget\" data-widget_type=\"text-editor.default\">\n\t\t\t\t\t\t\t\t\t<p>\u00cd Kjarnask\u00f3gi r\u00e9tt ofan h\u00f3telsins er me\u00f0al annars a\u00f0 finna g\u00f6ngulei\u00f0ir, blakv\u00f6ll, leikt\u00e6ki og s\u00e9rhanna\u00f0a fjallahj\u00f3labraut. \u00c1 veturna er tro\u00f0in g\u00f6ngubraut fyrir sk\u00ed\u00f0af\u00f3lk.<\/p><ul><li>T\u00f6frandi j\u00f3lagar\u00f0urinn er opinn allt \u00e1ri\u00f0 og a\u00f0 keyra \u00feanga\u00f0 tekur minna en 10 m\u00edn\u00fatur.<\/li><li>Sundlaugin \u00ed Hrafnagili er d\u00e1samleg. \u00de\u00fa getur einnig fundi\u00f0 sundlaugar \u00ed Akureyri og \u00deelam\u00f6rk.<\/li><li>Golfvellir eru \u00ed n\u00e1grenninu. Ja\u00f0arsv\u00f6llur \u2013 18 holur, Leifssta\u00f0ir \u2013 9 holur og \u00dever\u00e1 \u2013 18 holur.<\/li><li>Hestaleigur m\u00e1 finna ekki langt fr\u00e1 h\u00f3telinu.<\/li><li>\u00dea\u00f0 eru nokkur s\u00f6fn \u00e1 Akureyrarsv\u00e6\u00f0inu, t.d. Flugm\u00faseum, Listasafn og M\u00f3torhj\u00f3lasafn \u00cdslands.<\/li><li>\u00cdshringurinn er a\u00f0eins nokkrir k\u00edl\u00f3metrar fr\u00e1 H\u00f3tel Kjarnalundur sem og Hl\u00ed\u00f0arfjalli, sk\u00ed\u00f0aparad\u00eds Akureyrar.<\/li><li><span style=\"text-align: var(--text-align); color: var( --e-global-color-text ); font-family: var( --e-global-typography-text-font-family ), Sans-serif; font-size: var( --e-global-typography-text-font-size ); font-weight: var( --e-global-typography-text-font-weight );\">Innan Eyjafjar\u00f0ar eru m\u00f6rg veitingah\u00fas, kaffih\u00fas, galler\u00ed o.s.frv.<\/span><\/li><\/ul><p>M\u00f6rg \u00e1hugaver\u00f0 s\u00f6fn eru \u00e1 Akureyrarsv\u00e6\u00f0inu.<\/p><h4 style=\"box-sizing: inherit; margin: 0px 0px 20px; color: #4b4b4b; font-family: 'IBM Plex Sans', sans-serif;\"><strong><span style=\"box-sizing: inherit;\">Athyglisver\u00f0ir tenglar<\/span><\/strong><\/h4><p style=\"box-sizing: inherit; margin: 0px 0px 20px; color: #4b4b4b; font-family: 'IBM Plex Sans', sans-serif;\"><span style=\"box-sizing: inherit; font-size: medium;\"><a style=\"box-sizing: inherit; transition: color 0.18s, background-color 0.18s, border-color 0.18s; color: #caad2a; text-decoration-line: none; touch-action: manipulation;\" href=\"http:\/\/www.akureyri.is\/\" target=\"_blank\" rel=\"external noopener noreferrer\" data-wpel-link=\"external\">Akureyri \u201c\u00f6ll l\u00edfsins g\u00e6\u00f0i\u201d<\/a><br style=\"box-sizing: inherit;\" \/><a style=\"box-sizing: inherit; transition: color 0.18s, background-color 0.18s, border-color 0.18s; color: #caad2a; text-decoration-line: none; touch-action: manipulation;\" href=\"https:\/\/www.visitakureyri.is\/\" target=\"_blank\" rel=\"external noopener noreferrer\" data-wpel-link=\"external\">Heims\u00e6ki\u00f0 Akureyri<\/a><\/span><\/p>\t\t\t\t\t\t\t\t<\/div>\n\t\t\t\t<div class=\"elementor-element elementor-element-2f4a2f2 elementor-widget elementor-widget-gallery\" data-id=\"2f4a2f2\" data-element_type=\"widget\" data-e-type=\"widget\" data-settings=\"{&quot;columns&quot;:2,&quot;lazyload&quot;:&quot;yes&quot;,&quot;gallery_layout&quot;:&quot;grid&quot;,&quot;columns_tablet&quot;:2,&quot;columns_mobile&quot;:1,&quot;gap&quot;:{&quot;unit&quot;:&quot;px&quot;,&quot;size&quot;:10,&quot;sizes&quot;:[]},&quot;gap_tablet&quot;:{&quot;unit&quot;:&quot;px&quot;,&quot;size&quot;:10,&quot;sizes&quot;:[]},&quot;gap_mobile&quot;:{&quot;unit&quot;:&quot;px&quot;,&quot;size&quot;:10,&quot;sizes&quot;:[]},&quot;link_to&quot;:&quot;file&quot;,&quot;aspect_ratio&quot;:&quot;3:2&quot;,&quot;overlay_background&quot;:&quot;yes&quot;,&quot;content_hover_animation&quot;:&quot;fade-in&quot;}\" data-widget_type=\"gallery.default\">\n\t\t\t\t\t\t\t<div class=\"elementor-gallery__container\">\n\t\t\t\t\t\t\t<a class=\"e-gallery-item elementor-gallery-item elementor-animated-content\" href=\"https:\/\/kjarnalundur.is\/wp-content\/uploads\/2024\/12\/af_11.jpg\" data-elementor-open-lightbox=\"yes\" data-elementor-lightbox-slideshow=\"2f4a2f2\" data-elementor-lightbox-title=\"af_11\" data-e-action-hash=\"#elementor-action%3Aaction%3Dlightbox%26settings%3DeyJpZCI6NTkwLCJ1cmwiOiJodHRwczpcL1wva2phcm5hbHVuZHVyLmlzXC93cC1jb250ZW50XC91cGxvYWRzXC8yMDI0XC8xMlwvYWZfMTEuanBnIiwic2xpZGVzaG93IjoiMmY0YTJmMiJ9\">\n\t\t\t\t\t<div class=\"e-gallery-image elementor-gallery-item__image\" data-thumbnail=\"https:\/\/kjarnalundur.is\/wp-content\/uploads\/2024\/12\/af_11.jpg\" data-width=\"600\" data-height=\"450\" aria-label=\"\" role=\"img\" ><\/div>\n\t\t\t\t\t\t\t\t\t\t\t<div class=\"elementor-gallery-item__overlay\"><\/div>\n\t\t\t\t\t\t\t\t\t\t\t\t\t\t<\/a>\n\t\t\t\t\t\t\t<a class=\"e-gallery-item elementor-gallery-item elementor-animated-content\" href=\"https:\/\/kjarnalundur.is\/wp-content\/uploads\/2024\/12\/af_21.jpg\" data-elementor-open-lightbox=\"yes\" data-elementor-lightbox-slideshow=\"2f4a2f2\" data-elementor-lightbox-title=\"af_21\" data-e-action-hash=\"#elementor-action%3Aaction%3Dlightbox%26settings%3DeyJpZCI6NTkxLCJ1cmwiOiJodHRwczpcL1wva2phcm5hbHVuZHVyLmlzXC93cC1jb250ZW50XC91cGxvYWRzXC8yMDI0XC8xMlwvYWZfMjEuanBnIiwic2xpZGVzaG93IjoiMmY0YTJmMiJ9\">\n\t\t\t\t\t<div class=\"e-gallery-image elementor-gallery-item__image\" data-thumbnail=\"https:\/\/kjarnalundur.is\/wp-content\/uploads\/2024\/12\/af_21.jpg\" data-width=\"600\" data-height=\"450\" aria-label=\"\" role=\"img\" ><\/div>\n\t\t\t\t\t\t\t\t\t\t\t<div class=\"elementor-gallery-item__overlay\"><\/div>\n\t\t\t\t\t\t\t\t\t\t\t\t\t\t<\/a>\n\t\t\t\t\t<\/div>\n\t\t\t\t\t<\/div>\n\t\t\t\t\t<\/div>\n\t\t\t\t<\/div>\n\t\t\t\t<\/div>","protected":false},"excerpt":{"rendered":"<p>Umhverfi Fr\u00e1 g\u00f6ngulei\u00f0um og hj\u00f3lalei\u00f0um til safna, golfvalla og sk\u00ed\u00f0a \u00ed Hl\u00ed\u00f0arfjalli, b\u00fd\u00f0ur Akureyrarsv\u00e6\u00f0i\u00f0 upp \u00e1 endalausar athafnir fyrir hvern gest. B\u00f3ka\u00f0u n\u00fana \u00cd Kjarnask\u00f3gur, beint yfir h\u00f3telinu, eru g\u00f6ngulei\u00f0ir, blakv\u00f6llur og leikja\u00fatb\u00fana\u00f0ur. \u00dea\u00f0 er einnig s\u00e9rstaklega hanna\u00f0ur fjallahj\u00f3lalei\u00f0. G\u00f6ngulei\u00f0ir fyrir sk\u00ed\u00f0amenn eru [\u2026]<\/p>","protected":false},"author":1,"featured_media":0,"parent":0,"menu_order":0,"comment_status":"closed","ping_status":"closed","template":"","meta":{"_acf_changed":false,"iawp_total_views":111,"footnotes":""},"class_list":["post-588","page","type-page","status-publish","hentry"],"acf":[],"_links":{"self":[{"href":"https:\/\/kjarnalundur.is\/is\/wp-json\/wp\/v2\/pages\/588","targetHints":{"allow":["GET"]}}],"collection":[{"href":"https:\/\/kjarnalundur.is\/is\/wp-json\/wp\/v2\/pages"}],"about":[{"href":"https:\/\/kjarnalundur.is\/is\/wp-json\/wp\/v2\/types\/page"}],"author":[{"embeddable":true,"href":"https:\/\/kjarnalundur.is\/is\/wp-json\/wp\/v2\/users\/1"}],"replies":[{"embeddable":true,"href":"https:\/\/kjarnalundur.is\/is\/wp-json\/wp\/v2\/comments?post=588"}],"version-history":[{"count":22,"href":"https:\/\/kjarnalundur.is\/is\/wp-json\/wp\/v2\/pages\/588\/revisions"}],"predecessor-version":[{"id":1272,"href":"https:\/\/kjarnalundur.is\/is\/wp-json\/wp\/v2\/pages\/588\/revisions\/1272"}],"wp:attachment":[{"href":"https:\/\/kjarnalundur.is\/is\/wp-json\/wp\/v2\/media?parent=588"}],"curies":[{"name":"wp","href":"https:\/\/api.w.org\/{rel}","templated":true}]}}