{"id":599,"date":"2024-12-20T08:06:26","date_gmt":"2024-12-20T08:06:26","guid":{"rendered":"https:\/\/kjarnalundur.is\/?page_id=599"},"modified":"2026-01-09T11:11:53","modified_gmt":"2026-01-09T11:11:53","slug":"radstefna","status":"publish","type":"page","link":"https:\/\/kjarnalundur.is\/is\/radstefna\/","title":{"rendered":"R\u00e1\u00f0stefna"},"content":{"rendered":"<style>.elementor-599 .elementor-element.elementor-element-5897cb0c{--display:flex;--min-height:50vh;--flex-direction:row;--container-widget-width:calc( ( 1 - var( --container-widget-flex-grow ) ) * 100% );--container-widget-height:100%;--container-widget-flex-grow:1;--container-widget-align-self:stretch;--flex-wrap-mobile:wrap;--justify-content:center;--align-items:center;--gap:10px 10px;--row-gap:10px;--column-gap:10px;--overlay-opacity:0.45;--padding-top:120px;--padding-bottom:120px;--padding-left:0px;--padding-right:0px;}.elementor-599 .elementor-element.elementor-element-5897cb0c:not(.elementor-motion-effects-element-type-background), .elementor-599 .elementor-element.elementor-element-5897cb0c > .elementor-motion-effects-container > .elementor-motion-effects-layer{background-image:url(\"https:\/\/kjarnalundur.is\/wp-content\/uploads\/2024\/12\/Bustadur-3-stofa.jpeg\");background-position:center center;background-repeat:no-repeat;background-size:cover;}.elementor-599 .elementor-element.elementor-element-5897cb0c::before, .elementor-599 .elementor-element.elementor-element-5897cb0c > .elementor-background-video-container::before, .elementor-599 .elementor-element.elementor-element-5897cb0c > .e-con-inner > .elementor-background-video-container::before, .elementor-599 .elementor-element.elementor-element-5897cb0c > .elementor-background-slideshow::before, .elementor-599 .elementor-element.elementor-element-5897cb0c > .e-con-inner > .elementor-background-slideshow::before, .elementor-599 .elementor-element.elementor-element-5897cb0c > .elementor-motion-effects-container > .elementor-motion-effects-layer::before{--background-overlay:'';background-color:#000000;}.elementor-599 .elementor-element.elementor-element-14e9422a{--display:flex;--justify-content:center;--align-items:center;--container-widget-width:calc( ( 1 - var( --container-widget-flex-grow ) ) * 100% );}.elementor-599 .elementor-element.elementor-element-728e3ac7 .jeg-elementor-kit.jkit-animated-text{text-align:center;}.elementor-599 .elementor-element.elementor-element-728e3ac7 .jeg-elementor-kit.jkit-animated-text .animated-text .normal-text{font-family:var( --e-global-typography-primary-font-family ), Sans-serif;font-size:var( --e-global-typography-primary-font-size );font-weight:var( --e-global-typography-primary-font-weight );line-height:var( --e-global-typography-primary-line-height );}.elementor-599 .elementor-element.elementor-element-728e3ac7 .jeg-elementor-kit.jkit-animated-text .animated-text .normal-text.style-color{color:#FFFFFF;}.elementor-599 .elementor-element.elementor-element-728e3ac7 .jeg-elementor-kit.jkit-animated-text .animated-text .dynamic-text{font-family:var( --e-global-typography-e262a29-font-family ), Sans-serif;font-size:var( --e-global-typography-e262a29-font-size );font-weight:var( --e-global-typography-e262a29-font-weight );font-style:var( --e-global-typography-e262a29-font-style );line-height:var( --e-global-typography-e262a29-line-height );letter-spacing:var( --e-global-typography-e262a29-letter-spacing );word-spacing:var( --e-global-typography-e262a29-word-spacing );z-index:auto;}.elementor-599 .elementor-element.elementor-element-728e3ac7 .jeg-elementor-kit.jkit-animated-text .animated-text .dynamic-wrapper.style-color .dynamic-text{color:#FFFFFF;}.elementor-599 .elementor-element.elementor-element-728e3ac7 .jeg-elementor-kit.jkit-animated-text .animated-text svg path.style-color{stroke:var( --e-global-color-accent );}.elementor-599 .elementor-element.elementor-element-728e3ac7 .jeg-elementor-kit.jkit-animated-text .animated-text svg path{stroke-width:9px;-moz-animation-duration:10s;-webkit-animation-duration:10s;-o-animation-duration:10s;-ms-animation-duration:10s;animation-duration:10s;stroke-linecap:round;stroke-linejoin:round;}.elementor-599 .elementor-element.elementor-element-728e3ac7 .jeg-elementor-kit.jkit-animated-text .animated-text svg{z-index:2;}.elementor-599 .elementor-element.elementor-element-728e3ac7{margin:0px 20px calc(var(--kit-widget-spacing, 0px) + 10px) 0px;}.elementor-599 .elementor-element.elementor-element-2c131e1d{text-align:center;color:var( --e-global-color-secondary );}.elementor-599 .elementor-element.elementor-element-5815c3 .elementor-button{font-family:\"Open Sans\", Sans-serif;font-size:14px;font-weight:600;text-transform:none;text-decoration:none;line-height:1em;fill:#FFF;color:#FFF;background-color:var( --e-global-color-accent );border-style:solid;border-width:1px 1px 1px 1px;border-color:var( --e-global-color-accent );border-radius:0px 0px 0px 0px;padding:18px 32px 18px 32px;}.elementor-599 .elementor-element.elementor-element-5815c3 .elementor-button:hover, .elementor-599 .elementor-element.elementor-element-5815c3 .elementor-button:focus{color:var( --e-global-color-accent );background-color:var( --e-global-color-b40ec4d );}.elementor-599 .elementor-element.elementor-element-5815c3 .elementor-button:hover svg, .elementor-599 .elementor-element.elementor-element-5815c3 .elementor-button:focus svg{fill:var( --e-global-color-accent );}.elementor-599 .elementor-element.elementor-element-5815c3.elementor-element{--flex-grow:1;--flex-shrink:0;}:root{--page-title-display:none;}@media(max-width:1024px){.elementor-599 .elementor-element.elementor-element-5897cb0c{--padding-top:140px;--padding-bottom:200px;--padding-left:10px;--padding-right:10px;}.elementor-599 .elementor-element.elementor-element-728e3ac7 .jeg-elementor-kit.jkit-animated-text .animated-text .normal-text{font-size:var( --e-global-typography-primary-font-size );line-height:var( --e-global-typography-primary-line-height );}.elementor-599 .elementor-element.elementor-element-728e3ac7 .jeg-elementor-kit.jkit-animated-text .animated-text .dynamic-text{font-size:var( --e-global-typography-e262a29-font-size );line-height:var( --e-global-typography-e262a29-line-height );letter-spacing:var( --e-global-typography-e262a29-letter-spacing );word-spacing:var( --e-global-typography-e262a29-word-spacing );}.elementor-599 .elementor-element.elementor-element-728e3ac7{margin:0px 0px calc(var(--kit-widget-spacing, 0px) + 10px) 0px;}}@media(max-width:767px){.elementor-599 .elementor-element.elementor-element-5897cb0c{--padding-top:50px;--padding-bottom:50px;--padding-left:10px;--padding-right:10px;}.elementor-599 .elementor-element.elementor-element-728e3ac7 .jeg-elementor-kit.jkit-animated-text .animated-text .normal-text{font-size:var( --e-global-typography-primary-font-size );line-height:var( --e-global-typography-primary-line-height );}.elementor-599 .elementor-element.elementor-element-728e3ac7 .jeg-elementor-kit.jkit-animated-text .animated-text .dynamic-text{font-size:var( --e-global-typography-e262a29-font-size );line-height:var( --e-global-typography-e262a29-line-height );letter-spacing:var( --e-global-typography-e262a29-letter-spacing );word-spacing:var( --e-global-typography-e262a29-word-spacing );}.elementor-599 .elementor-element.elementor-element-728e3ac7{margin:0px 0px calc(var(--kit-widget-spacing, 0px) + 0px) 0px;}.elementor-599 .elementor-element.elementor-element-5815c3 .elementor-button{font-size:12px;padding:9px 16px 9px 16px;}}@media(min-width:768px){.elementor-599 .elementor-element.elementor-element-5897cb0c{--content-width:1170px;}.elementor-599 .elementor-element.elementor-element-14e9422a{--width:80%;}}@media(max-width:1024px) and (min-width:768px){.elementor-599 .elementor-element.elementor-element-14e9422a{--width:70%;}}<\/style>\t\t<div data-elementor-type=\"wp-page\" data-elementor-id=\"599\" class=\"elementor elementor-599\" data-elementor-post-type=\"page\">\n\t\t\t\t<div class=\"elementor-element elementor-element-5897cb0c e-flex e-con-boxed e-con e-parent\" data-id=\"5897cb0c\" data-element_type=\"container\" data-e-type=\"container\" data-settings=\"{&quot;background_background&quot;:&quot;classic&quot;}\">\n\t\t\t\t\t<div class=\"e-con-inner\">\n\t\t<div class=\"elementor-element elementor-element-14e9422a e-con-full e-flex e-con e-child\" data-id=\"14e9422a\" data-element_type=\"container\" data-e-type=\"container\">\n\t\t\t\t<div class=\"elementor-element elementor-element-728e3ac7 animated-slow elementor-invisible elementor-widget elementor-widget-jkit_animated_text\" data-id=\"728e3ac7\" data-element_type=\"widget\" data-e-type=\"widget\" data-settings=\"{&quot;_animation&quot;:&quot;fadeInDown&quot;}\" data-widget_type=\"jkit_animated_text.default\">\n\t\t\t\t\t<div  class=\"jeg-elementor-kit jkit-animated-text jeg_module___69f2b8e149ed8\"  data-style=\"highlighted\" data-text=\"\" data-shape=\"underline\"><h1 class=\"animated-text\"><span class=\"normal-text style-color\">R\u00e1\u00f0stefna \/ Fundir<\/span><span class=\"dynamic-wrapper style-color\"><span class=\"dynamic-text\"><\/span><svg xmlns=\"http:\/\/www.w3.org\/2000\/svg\" viewbox=\"0 0 500 150\" preserveaspectratio=\"none\"><path class=\"style-color\"  d=\"M3,77.5s200.54-11,493,0\" transform=\"translate(-2.75 -68.11)\"\/><\/svg><\/span><span class=\"normal-text style-color\"><\/span><\/h1><\/div>\t\t\t\t<\/div>\n\t\t\t\t<div class=\"elementor-element elementor-element-2c131e1d animated-slow elementor-invisible elementor-widget elementor-widget-text-editor\" data-id=\"2c131e1d\" data-element_type=\"widget\" data-e-type=\"widget\" data-settings=\"{&quot;_animation&quot;:&quot;fadeInDown&quot;}\" data-widget_type=\"text-editor.default\">\n\t\t\t\t\t\t\t\t\t<p>Tv\u00f6 r\u00e1\u00f0stefnu\/fundarherbergi eru \u00e1 h\u00f3telinu me\u00f0 pl\u00e1ss fyrir 60 og 90 manns.<\/p><p>Fyrir b\u00f3kanir, vinsamlegast sendu t\u00f6lvup\u00f3st \u00e1 info@kjarnalundur.is Tilvalin sta\u00f0setning fyrir fundi og r\u00e1\u00f0stefnur me\u00f0 kyrr\u00f0ina og n\u00e1tt\u00faruna allt \u00ed kring. Vi\u00f0 leggjum \u00e1herslu \u00e1 pers\u00f3nulega \u00fej\u00f3nustu og leitumst vi\u00f0 a\u00f0 koma til m\u00f3ts vi\u00f0 alla. H\u00e6gt er a\u00f0 bj\u00f3\u00f0a upp \u00e1 veitingar og l\u00f6gum vi\u00f0 okkur a\u00f0 \u00fe\u00f6rfum hvers og eins.<\/p>\t\t\t\t\t\t\t\t<\/div>\n\t\t\t\t<div class=\"elementor-element elementor-element-5815c3 elementor-align-left elementor-hidden-phone animated-slow elementor-invisible elementor-widget elementor-widget-button\" data-id=\"5815c3\" data-element_type=\"widget\" data-e-type=\"widget\" data-settings=\"{&quot;_animation&quot;:&quot;fadeInDown&quot;}\" data-widget_type=\"button.default\">\n\t\t\t\t\t\t\t\t\t\t<a class=\"elementor-button elementor-button-link elementor-size-sm\" href=\"mailto:info@kjarnalundur.is\">\n\t\t\t\t\t\t<span class=\"elementor-button-content-wrapper\">\n\t\t\t\t\t\t\t\t\t<span class=\"elementor-button-text\">B\u00f3ka n\u00fana<\/span>\n\t\t\t\t\t<\/span>\n\t\t\t\t\t<\/a>\n\t\t\t\t\t\t\t\t<\/div>\n\t\t\t\t<\/div>\n\t\t\t\t\t<\/div>\n\t\t\t\t<\/div>\n\t\t\t\t<\/div>","protected":false},"excerpt":{"rendered":"<p>R\u00e1\u00f0stefna \/ Fundir Tveir r\u00e1\u00f0stefnu\/fundarherbergi eru \u00e1 h\u00f3telinu me\u00f0 r\u00fam fyrir 60 og 90 manns. Fyrir b\u00f3kanir, vinsamlegast sendi\u00f0 t\u00f6lvup\u00f3st \u00e1 info@kjarnalundur.is \u00dea\u00f0 er fullkomin valkostur a\u00f0 halda fund r\u00e9tt fyrir utan b\u00e6inn og fara \u00ed g\u00f6ngu \u00ed sk\u00f3ginum fyrir ferskan loft \u00ed p\u00e1sum. Vi\u00f0 leggjum \u00e1herslu \u00e1 pers\u00f3nulega \u00fej\u00f3nustu og [\u2026]<\/p>","protected":false},"author":1,"featured_media":0,"parent":0,"menu_order":0,"comment_status":"closed","ping_status":"closed","template":"","meta":{"_acf_changed":false,"iawp_total_views":21,"footnotes":""},"class_list":["post-599","page","type-page","status-publish","hentry"],"acf":[],"_links":{"self":[{"href":"https:\/\/kjarnalundur.is\/is\/wp-json\/wp\/v2\/pages\/599","targetHints":{"allow":["GET"]}}],"collection":[{"href":"https:\/\/kjarnalundur.is\/is\/wp-json\/wp\/v2\/pages"}],"about":[{"href":"https:\/\/kjarnalundur.is\/is\/wp-json\/wp\/v2\/types\/page"}],"author":[{"embeddable":true,"href":"https:\/\/kjarnalundur.is\/is\/wp-json\/wp\/v2\/users\/1"}],"replies":[{"embeddable":true,"href":"https:\/\/kjarnalundur.is\/is\/wp-json\/wp\/v2\/comments?post=599"}],"version-history":[{"count":13,"href":"https:\/\/kjarnalundur.is\/is\/wp-json\/wp\/v2\/pages\/599\/revisions"}],"predecessor-version":[{"id":1319,"href":"https:\/\/kjarnalundur.is\/is\/wp-json\/wp\/v2\/pages\/599\/revisions\/1319"}],"wp:attachment":[{"href":"https:\/\/kjarnalundur.is\/is\/wp-json\/wp\/v2\/media?parent=599"}],"curies":[{"name":"wp","href":"https:\/\/api.w.org\/{rel}","templated":true}]}}